{"id":279,"date":"2026-03-11T12:07:04","date_gmt":"2026-03-11T18:07:04","guid":{"rendered":"https:\/\/funerariapoveda.mx\/?page_id=279"},"modified":"2026-03-27T10:09:42","modified_gmt":"2026-03-27T16:09:42","slug":"joyeria-personalizada","status":"publish","type":"page","link":"https:\/\/funerariapoveda.mx\/en\/joyeria-personalizada\/","title":{"rendered":"Personalized jewelry"},"content":{"rendered":"<div class=\"wp-block-uagb-container uagb-block-f84f4aa5 alignfull uagb-is-root-container\"><div class=\"uagb-container-inner-blocks-wrap\">\n<div class=\"wp-block-uagb-container uagb-block-08bf06b9\">\n<div style=\"height:40px\" aria-hidden=\"true\" class=\"wp-block-spacer\"><\/div>\n\n\n\n<h1 class=\"wp-block-heading has-text-color has-link-color wp-elements-980a2f4a6bd138e2407ea4c43b7ec511\" style=\"color:#ece7dd\">Place your flower order<\/h1>\n\n\n\n<p class=\"has-text-color has-link-color wp-elements-5f892b2879057f07ca0b95a9b9d9f620\" style=\"color:#ece7dd\">Memorial jewelry allows you to preserve the memory of a loved one in an intimate and meaningful way.<\/p>\n\n\n\n<p class=\"has-text-color has-link-color wp-elements-f72fea88feb232144dc6257efb4db31c\" style=\"color:#ece7dd\">We offer personalized pieces designed to preserve memory and emotional connection, allowing each person to carry with them a discreet symbol of remembrance and tribute.<\/p>\n\n\n\n<p class=\"has-text-color has-link-color wp-elements-8e9b41a883f8fa80b9f2c3eb16602e29\" style=\"color:#ece7dd\">These pieces are crafted with respect and care, becoming <strong>a lasting memory full of meaning<\/strong>.<\/p>\n\n\n\n<div class=\"wp-block-uagb-buttons uagb-buttons__outer-wrap uagb-btn__default-btn uagb-btn-tablet__default-btn uagb-btn-mobile__default-btn uagb-block-fd219606\"><div class=\"uagb-buttons__wrap uagb-buttons-layout-wrap\">\n<div class=\"wp-block-uagb-buttons-child uagb-buttons__outer-wrap uagb-block-a3a33869 wp-block-button\"><div class=\"uagb-button__wrapper\"><a class=\"uagb-buttons-repeater wp-block-button__link\" aria-label=\"\" href=\"https:\/\/wa.link\/1xibmh\" rel=\"follow noopener\" target=\"_self\" role=\"button\"><div class=\"uagb-button__link\">Send us a message via WhatsApp<\/div><span class=\"uagb-button__icon uagb-button__icon-position-after\"><svg xmlns=\"https:\/\/www.w3.org\/2000\/svg\" viewbox=\"0 0 448 512\" aria-hidden=\"true\" focussable=\"false\"><path d=\"M380.9 97.1C339 55.1 283.2 32 223.9 32c-122.4 0-222 99.6-222 222 0 39.1 10.2 77.3 29.6 111L0 480l117.7-30.9c32.4 17.7 68.9 27 106.1 27h.1c122.3 0 224.1-99.6 224.1-222 0-59.3-25.2-115-67.1-157zm-157 341.6c-33.2 0-65.7-8.9-94-25.7l-6.7-4-69.8 18.3L72 359.2l-4.4-7c-18.5-29.4-28.2-63.3-28.2-98.2 0-101.7 82.8-184.5 184.6-184.5 49.3 0 95.6 19.2 130.4 54.1 34.8 34.9 56.2 81.2 56.1 130.5 0 101.8-84.9 184.6-186.6 184.6zm101.2-138.2c-5.5-2.8-32.8-16.2-37.9-18-5.1-1.9-8.8-2.8-12.5 2.8-3.7 5.6-14.3 18-17.6 21.8-3.2 3.7-6.5 4.2-12 1.4-32.6-16.3-54-29.1-75.5-66-5.7-9.8 5.7-9.1 16.3-30.3 1.8-3.7 .9-6.9-.5-9.7-1.4-2.8-12.5-30.1-17.1-41.2-4.5-10.8-9.1-9.3-12.5-9.5-3.2-.2-6.9-.2-10.6-.2-3.7 0-9.7 1.4-14.8 6.9-5.1 5.6-19.4 19-19.4 46.3 0 27.3 19.9 53.7 22.6 57.4 2.8 3.7 39.1 59.7 94.8 83.8 35.2 15.2 49 16.5 66.6 13.9 10.7-1.6 32.8-13.4 37.4-26.4 4.6-13 4.6-24.1 3.2-26.4-1.3-2.5-5-3.9-10.5-6.6z\"><\/path><\/svg><\/span><\/a><\/div><\/div>\n<\/div><\/div>\n\n\n\n<div style=\"height:40px\" aria-hidden=\"true\" class=\"wp-block-spacer\"><\/div>\n<\/div>\n\n\n\n<div class=\"wp-block-uagb-container uag-hide-tab uag-hide-mob uagb-block-0c676161\"><\/div>\n<\/div><\/div>","protected":false},"excerpt":{"rendered":"<p>Un recuerdo que permanece La joyer\u00eda conmemorativa permite conservar el recuerdo de un ser querido de una forma \u00edntima y significativa. Ofrecemos piezas personalizadas dise\u00f1adas para preservar la memoria y el v\u00ednculo emocional, permitiendo que cada persona lleve consigo un s\u00edmbolo discreto de recuerdo y homenaje. Estas piezas se elaboran con respeto y cuidado, convirti\u00e9ndose [&hellip;]<\/p>\n","protected":false},"author":1,"featured_media":0,"parent":0,"menu_order":0,"comment_status":"closed","ping_status":"closed","template":"pagina-personalizada.php","meta":{"_uag_custom_page_level_css":"","_joinchat":[],"footnotes":""},"class_list":["post-279","page","type-page","status-publish","hentry"],"uagb_featured_image_src":{"full":false,"thumbnail":false,"medium":false,"medium_large":false,"large":false,"1536x1536":false,"2048x2048":false,"trp-custom-language-flag":false},"uagb_author_info":{"display_name":"administrador","author_link":"https:\/\/funerariapoveda.mx\/en\/author\/administrador\/"},"uagb_comment_info":0,"uagb_excerpt":"Un recuerdo que permanece La joyer\u00eda conmemorativa permite conservar el recuerdo de un ser querido de una forma \u00edntima y significativa. Ofrecemos piezas personalizadas dise\u00f1adas para preservar la memoria y el v\u00ednculo emocional, permitiendo que cada persona lleve consigo un s\u00edmbolo discreto de recuerdo y homenaje. Estas piezas se elaboran con respeto y cuidado, convirti\u00e9ndose&hellip;","_links":{"self":[{"href":"https:\/\/funerariapoveda.mx\/en\/wp-json\/wp\/v2\/pages\/279","targetHints":{"allow":["GET"]}}],"collection":[{"href":"https:\/\/funerariapoveda.mx\/en\/wp-json\/wp\/v2\/pages"}],"about":[{"href":"https:\/\/funerariapoveda.mx\/en\/wp-json\/wp\/v2\/types\/page"}],"author":[{"embeddable":true,"href":"https:\/\/funerariapoveda.mx\/en\/wp-json\/wp\/v2\/users\/1"}],"replies":[{"embeddable":true,"href":"https:\/\/funerariapoveda.mx\/en\/wp-json\/wp\/v2\/comments?post=279"}],"version-history":[{"count":5,"href":"https:\/\/funerariapoveda.mx\/en\/wp-json\/wp\/v2\/pages\/279\/revisions"}],"predecessor-version":[{"id":500,"href":"https:\/\/funerariapoveda.mx\/en\/wp-json\/wp\/v2\/pages\/279\/revisions\/500"}],"wp:attachment":[{"href":"https:\/\/funerariapoveda.mx\/en\/wp-json\/wp\/v2\/media?parent=279"}],"curies":[{"name":"wp","href":"https:\/\/api.w.org\/{rel}","templated":true}]}}