{"id":277,"date":"2026-03-11T12:06:52","date_gmt":"2026-03-11T18:06:52","guid":{"rendered":"https:\/\/funerariapoveda.mx\/?page_id=277"},"modified":"2026-03-18T17:04:28","modified_gmt":"2026-03-18T23:04:28","slug":"floreria","status":"publish","type":"page","link":"https:\/\/funerariapoveda.mx\/en\/floreria\/","title":{"rendered":"Flower shop"},"content":{"rendered":"<div class=\"wp-block-uagb-container uagb-block-f84f4aa5 alignfull uagb-is-root-container\"><div class=\"uagb-container-inner-blocks-wrap\">\n<div class=\"wp-block-uagb-container uagb-block-08bf06b9\">\n<div style=\"height:40px\" aria-hidden=\"true\" class=\"wp-block-spacer\"><\/div>\n\n\n\n<h1 class=\"wp-block-heading has-text-color has-link-color wp-elements-a72052c881796811fc86bc29fc0f7740\" style=\"color:#ece7dd\">Floral arrangements to express respect and farewell<\/h1>\n\n\n\n<p class=\"has-text-color has-link-color wp-elements-79af443cb51d1697561b71a53672f961\" style=\"color:#ece7dd\">Flowers have historically been a way to express feelings of respect, affection, and support during moments of farewell.<\/p>\n\n\n\n<p class=\"has-text-color has-link-color wp-elements-9d2d4001841905bd6277279c18c9dfb4\" style=\"color:#ece7dd\">At Funeraria Poveda we offer floral arrangements designed with sobriety and elegance, suitable for funeral services, wakes and tributes.<\/p>\n\n\n\n<div class=\"wp-block-uagb-buttons uagb-buttons__outer-wrap uagb-btn__default-btn uagb-btn-tablet__default-btn uagb-btn-mobile__default-btn uagb-block-fd219606\"><div class=\"uagb-buttons__wrap uagb-buttons-layout-wrap\">\n<div class=\"wp-block-uagb-buttons-child uagb-buttons__outer-wrap uagb-block-a3a33869 wp-block-button\"><div class=\"uagb-button__wrapper\"><a class=\"uagb-buttons-repeater wp-block-button__link\" aria-label=\"\" href=\"#\" rel=\"follow noopener\" target=\"_self\" role=\"button\"><div class=\"uagb-button__link\">Place your flower order<\/div><span class=\"uagb-button__icon uagb-button__icon-position-after\"><svg xmlns=\"https:\/\/www.w3.org\/2000\/svg\" viewbox=\"0 0 576 512\" aria-hidden=\"true\" focussable=\"false\"><path d=\"M96 0C107.5 0 117.4 8.19 119.6 19.51L121.1 32H541.8C562.1 32 578.3 52.25 572.6 72.66L518.6 264.7C514.7 278.5 502.1 288 487.8 288H170.7L179.9 336H488C501.3 336 512 346.7 512 360C512 373.3 501.3 384 488 384H159.1C148.5 384 138.6 375.8 136.4 364.5L76.14 48H24C10.75 48 0 37.25 0 24C0 10.75 10.75 0 24 0H96zM128 464C128 437.5 149.5 416 176 416C202.5 416 224 437.5 224 464C224 490.5 202.5 512 176 512C149.5 512 128 490.5 128 464zM512 464C512 490.5 490.5 512 464 512C437.5 512 416 490.5 416 464C416 437.5 437.5 416 464 416C490.5 416 512 437.5 512 464z\"><\/path><\/svg><\/span><\/a><\/div><\/div>\n<\/div><\/div>\n\n\n\n<div style=\"height:40px\" aria-hidden=\"true\" class=\"wp-block-spacer\"><\/div>\n<\/div>\n\n\n\n<div class=\"wp-block-uagb-container uag-hide-tab uag-hide-mob uagb-block-0c676161\"><\/div>\n<\/div><\/div>","protected":false},"excerpt":{"rendered":"<p>Arreglos florales para expresar respeto y despedida Las flores han sido hist\u00f3ricamente una forma de expresar sentimientos de respeto, cari\u00f1o y acompa\u00f1amiento durante los momentos de despedida. En Funeraria Poveda ofrecemos arreglos florales dise\u00f1ados con sobriedad y elegancia, adecuados para servicios funerarios, velaciones y homenajes.<\/p>","protected":false},"author":1,"featured_media":0,"parent":0,"menu_order":0,"comment_status":"closed","ping_status":"closed","template":"pagina-personalizada.php","meta":{"_uag_custom_page_level_css":"","_joinchat":[],"footnotes":""},"class_list":["post-277","page","type-page","status-publish","hentry"],"uagb_featured_image_src":{"full":false,"thumbnail":false,"medium":false,"medium_large":false,"large":false,"1536x1536":false,"2048x2048":false,"trp-custom-language-flag":false},"uagb_author_info":{"display_name":"administrador","author_link":"https:\/\/funerariapoveda.mx\/en\/author\/administrador\/"},"uagb_comment_info":0,"uagb_excerpt":"Arreglos florales para expresar respeto y despedida Las flores han sido hist\u00f3ricamente una forma de expresar sentimientos de respeto, cari\u00f1o y acompa\u00f1amiento durante los momentos de despedida. En Funeraria Poveda ofrecemos arreglos florales dise\u00f1ados con sobriedad y elegancia, adecuados para servicios funerarios, velaciones y homenajes.","_links":{"self":[{"href":"https:\/\/funerariapoveda.mx\/en\/wp-json\/wp\/v2\/pages\/277","targetHints":{"allow":["GET"]}}],"collection":[{"href":"https:\/\/funerariapoveda.mx\/en\/wp-json\/wp\/v2\/pages"}],"about":[{"href":"https:\/\/funerariapoveda.mx\/en\/wp-json\/wp\/v2\/types\/page"}],"author":[{"embeddable":true,"href":"https:\/\/funerariapoveda.mx\/en\/wp-json\/wp\/v2\/users\/1"}],"replies":[{"embeddable":true,"href":"https:\/\/funerariapoveda.mx\/en\/wp-json\/wp\/v2\/comments?post=277"}],"version-history":[{"count":9,"href":"https:\/\/funerariapoveda.mx\/en\/wp-json\/wp\/v2\/pages\/277\/revisions"}],"predecessor-version":[{"id":473,"href":"https:\/\/funerariapoveda.mx\/en\/wp-json\/wp\/v2\/pages\/277\/revisions\/473"}],"wp:attachment":[{"href":"https:\/\/funerariapoveda.mx\/en\/wp-json\/wp\/v2\/media?parent=277"}],"curies":[{"name":"wp","href":"https:\/\/api.w.org\/{rel}","templated":true}]}}